{"id":91,"date":"2020-02-28T22:39:41","date_gmt":"2020-02-28T21:39:41","guid":{"rendered":"http:\/\/alexandra.meteobruno.com\/?page_id=91"},"modified":"2022-07-02T19:55:38","modified_gmt":"2022-07-02T17:55:38","slug":"photographie-portrait","status":"publish","type":"page","link":"http:\/\/alexandra.meteobruno.com\/index.php\/photographie-portrait\/","title":{"rendered":"Photographies portraits"},"content":{"rendered":"\n<figure class=\"wp-container-2 wp-block-gallery-1 wp-block-gallery has-nested-images columns-2 is-cropped\">\n<figure class=\"wp-block-image size-large\"><img loading=\"lazy\" width=\"768\" height=\"1024\" data-id=\"55\"  src=\"http:\/\/alexandra.meteobruno.com\/wp-content\/uploads\/2020\/02\/2020-02-26-08.38.42-1-768x1024.jpg\" alt=\"\" class=\"wp-image-55\" srcset=\"http:\/\/alexandra.meteobruno.com\/wp-content\/uploads\/2020\/02\/2020-02-26-08.38.42-1-768x1024.jpg 768w, http:\/\/alexandra.meteobruno.com\/wp-content\/uploads\/2020\/02\/2020-02-26-08.38.42-1-225x300.jpg 225w, http:\/\/alexandra.meteobruno.com\/wp-content\/uploads\/2020\/02\/2020-02-26-08.38.42-1-1152x1536.jpg 1152w, http:\/\/alexandra.meteobruno.com\/wp-content\/uploads\/2020\/02\/2020-02-26-08.38.42-1-1536x2048.jpg 1536w, http:\/\/alexandra.meteobruno.com\/wp-content\/uploads\/2020\/02\/2020-02-26-08.38.42-1-400x533.jpg 400w, http:\/\/alexandra.meteobruno.com\/wp-content\/uploads\/2020\/02\/2020-02-26-08.38.42-1-scaled.jpg 1920w\" sizes=\"(max-width: 768px) 100vw, 768px\" \/><\/figure>\n\n\n\n<figure class=\"wp-block-image size-large\"><img loading=\"lazy\" width=\"768\" height=\"1024\" data-id=\"56\"  src=\"http:\/\/alexandra.meteobruno.com\/wp-content\/uploads\/2020\/02\/2020-02-26-08.42.38-1-768x1024.jpg\" alt=\"\" class=\"wp-image-56\" srcset=\"http:\/\/alexandra.meteobruno.com\/wp-content\/uploads\/2020\/02\/2020-02-26-08.42.38-1-768x1024.jpg 768w, http:\/\/alexandra.meteobruno.com\/wp-content\/uploads\/2020\/02\/2020-02-26-08.42.38-1-225x300.jpg 225w, http:\/\/alexandra.meteobruno.com\/wp-content\/uploads\/2020\/02\/2020-02-26-08.42.38-1-1152x1536.jpg 1152w, http:\/\/alexandra.meteobruno.com\/wp-content\/uploads\/2020\/02\/2020-02-26-08.42.38-1-1536x2048.jpg 1536w, http:\/\/alexandra.meteobruno.com\/wp-content\/uploads\/2020\/02\/2020-02-26-08.42.38-1-400x533.jpg 400w, http:\/\/alexandra.meteobruno.com\/wp-content\/uploads\/2020\/02\/2020-02-26-08.42.38-1-scaled.jpg 1920w\" sizes=\"(max-width: 768px) 100vw, 768px\" \/><\/figure>\n<\/figure>\n\n\n\n<p>Mod\u00e8le : <em>Elisa<\/em><br>Lieu : <em>N\u00eemes<\/em><\/p>\n\n\n\n<figure class=\"wp-container-4 wp-block-gallery-3 wp-block-gallery has-nested-images columns-3 is-cropped\">\n<figure class=\"wp-block-image size-large\"><img loading=\"lazy\" width=\"768\" height=\"1024\" data-id=\"191\"  src=\"http:\/\/alexandra.meteobruno.com\/wp-content\/uploads\/2020\/03\/2020-02-29-09.40.16-1-768x1024.jpg\" alt=\"\" class=\"wp-image-191\" srcset=\"http:\/\/alexandra.meteobruno.com\/wp-content\/uploads\/2020\/03\/2020-02-29-09.40.16-1-768x1024.jpg 768w, http:\/\/alexandra.meteobruno.com\/wp-content\/uploads\/2020\/03\/2020-02-29-09.40.16-1-225x300.jpg 225w, http:\/\/alexandra.meteobruno.com\/wp-content\/uploads\/2020\/03\/2020-02-29-09.40.16-1-1152x1536.jpg 1152w, http:\/\/alexandra.meteobruno.com\/wp-content\/uploads\/2020\/03\/2020-02-29-09.40.16-1-1536x2048.jpg 1536w, http:\/\/alexandra.meteobruno.com\/wp-content\/uploads\/2020\/03\/2020-02-29-09.40.16-1-scaled.jpg 1920w\" sizes=\"(max-width: 768px) 100vw, 768px\" \/><\/figure>\n\n\n\n<figure class=\"wp-block-image size-large\"><img loading=\"lazy\" width=\"880\" height=\"1024\" data-id=\"189\"  src=\"http:\/\/alexandra.meteobruno.com\/wp-content\/uploads\/2020\/03\/20200303_213008-880x1024.jpg\" alt=\"\" class=\"wp-image-189\" srcset=\"http:\/\/alexandra.meteobruno.com\/wp-content\/uploads\/2020\/03\/20200303_213008-880x1024.jpg 880w, http:\/\/alexandra.meteobruno.com\/wp-content\/uploads\/2020\/03\/20200303_213008-258x300.jpg 258w, http:\/\/alexandra.meteobruno.com\/wp-content\/uploads\/2020\/03\/20200303_213008-768x894.jpg 768w, http:\/\/alexandra.meteobruno.com\/wp-content\/uploads\/2020\/03\/20200303_213008-1319x1536.jpg 1319w, http:\/\/alexandra.meteobruno.com\/wp-content\/uploads\/2020\/03\/20200303_213008-1759x2048.jpg 1759w\" sizes=\"(max-width: 880px) 100vw, 880px\" \/><\/figure>\n\n\n\n<figure class=\"wp-block-image size-large\"><img loading=\"lazy\" width=\"768\" height=\"1024\" data-id=\"190\"  src=\"http:\/\/alexandra.meteobruno.com\/wp-content\/uploads\/2020\/03\/2020-02-29-09.40.14-1-768x1024.jpg\" alt=\"\" class=\"wp-image-190\" srcset=\"http:\/\/alexandra.meteobruno.com\/wp-content\/uploads\/2020\/03\/2020-02-29-09.40.14-1-768x1024.jpg 768w, http:\/\/alexandra.meteobruno.com\/wp-content\/uploads\/2020\/03\/2020-02-29-09.40.14-1-225x300.jpg 225w, http:\/\/alexandra.meteobruno.com\/wp-content\/uploads\/2020\/03\/2020-02-29-09.40.14-1-1152x1536.jpg 1152w, http:\/\/alexandra.meteobruno.com\/wp-content\/uploads\/2020\/03\/2020-02-29-09.40.14-1-1536x2048.jpg 1536w, http:\/\/alexandra.meteobruno.com\/wp-content\/uploads\/2020\/03\/2020-02-29-09.40.14-1-scaled.jpg 1920w\" sizes=\"(max-width: 768px) 100vw, 768px\" \/><\/figure>\n<\/figure>\n\n\n\n<p>Mod\u00e8le : <em>S\u00e9l\u00e9na<\/em><br>Lieu : <em>Montpellier<\/em><\/p>\n\n\n\n<figure class=\"wp-container-6 wp-block-gallery-5 wp-block-gallery has-nested-images columns-default is-cropped\">\n<figure class=\"wp-block-image size-large\"><img loading=\"lazy\" width=\"768\" height=\"1024\" data-id=\"245\"  src=\"http:\/\/alexandra.meteobruno.com\/wp-content\/uploads\/2020\/07\/gimp_chloe25_25JUIN-768x1024.jpg\" alt=\"\" class=\"wp-image-245\" srcset=\"http:\/\/alexandra.meteobruno.com\/wp-content\/uploads\/2020\/07\/gimp_chloe25_25JUIN-768x1024.jpg 768w, http:\/\/alexandra.meteobruno.com\/wp-content\/uploads\/2020\/07\/gimp_chloe25_25JUIN-225x300.jpg 225w, http:\/\/alexandra.meteobruno.com\/wp-content\/uploads\/2020\/07\/gimp_chloe25_25JUIN-1152x1536.jpg 1152w, http:\/\/alexandra.meteobruno.com\/wp-content\/uploads\/2020\/07\/gimp_chloe25_25JUIN-1536x2048.jpg 1536w, http:\/\/alexandra.meteobruno.com\/wp-content\/uploads\/2020\/07\/gimp_chloe25_25JUIN-scaled.jpg 1920w\" sizes=\"(max-width: 768px) 100vw, 768px\" \/><\/figure>\n\n\n\n<figure class=\"wp-block-image size-large\"><img loading=\"lazy\" width=\"768\" height=\"1024\" data-id=\"273\"  src=\"http:\/\/alexandra.meteobruno.com\/wp-content\/uploads\/2020\/07\/gimp_chloe30_25JUIN-768x1024.jpg\" alt=\"\" class=\"wp-image-273\" srcset=\"http:\/\/alexandra.meteobruno.com\/wp-content\/uploads\/2020\/07\/gimp_chloe30_25JUIN-768x1024.jpg 768w, http:\/\/alexandra.meteobruno.com\/wp-content\/uploads\/2020\/07\/gimp_chloe30_25JUIN-225x300.jpg 225w, http:\/\/alexandra.meteobruno.com\/wp-content\/uploads\/2020\/07\/gimp_chloe30_25JUIN-1152x1536.jpg 1152w, http:\/\/alexandra.meteobruno.com\/wp-content\/uploads\/2020\/07\/gimp_chloe30_25JUIN-1536x2048.jpg 1536w, http:\/\/alexandra.meteobruno.com\/wp-content\/uploads\/2020\/07\/gimp_chloe30_25JUIN-scaled.jpg 1920w\" sizes=\"(max-width: 768px) 100vw, 768px\" \/><\/figure>\n<\/figure>\n\n\n<div class=\"wp-block-image\">\n<figure class=\"aligncenter size-large is-resized\"><img loading=\"lazy\" src=\"http:\/\/alexandra.meteobruno.com\/wp-content\/uploads\/2020\/07\/gimp_chloe31_25JUIN-768x1024.jpg\" alt=\"\" class=\"wp-image-274\" width=\"569\" height=\"758\" srcset=\"http:\/\/alexandra.meteobruno.com\/wp-content\/uploads\/2020\/07\/gimp_chloe31_25JUIN-768x1024.jpg 768w, http:\/\/alexandra.meteobruno.com\/wp-content\/uploads\/2020\/07\/gimp_chloe31_25JUIN-225x300.jpg 225w, http:\/\/alexandra.meteobruno.com\/wp-content\/uploads\/2020\/07\/gimp_chloe31_25JUIN-1152x1536.jpg 1152w, http:\/\/alexandra.meteobruno.com\/wp-content\/uploads\/2020\/07\/gimp_chloe31_25JUIN-1536x2048.jpg 1536w, http:\/\/alexandra.meteobruno.com\/wp-content\/uploads\/2020\/07\/gimp_chloe31_25JUIN-scaled.jpg 1920w\" sizes=\"(max-width: 569px) 100vw, 569px\" \/><\/figure><\/div>\n\n\n<p>Mod\u00e8le : <em>Chlo\u00e9<\/em><br>Lieu : <em>N\u00eemes<\/em><\/p>\n\n\n\n<figure class=\"wp-container-8 wp-block-gallery-7 wp-block-gallery has-nested-images columns-default is-cropped\">\n<figure class=\"wp-block-image size-large\"><img loading=\"lazy\" width=\"768\" height=\"1024\" data-id=\"289\"  src=\"http:\/\/alexandra.meteobruno.com\/wp-content\/uploads\/2020\/07\/IMG_5631.1-768x1024.jpg\" alt=\"\" class=\"wp-image-289\" srcset=\"http:\/\/alexandra.meteobruno.com\/wp-content\/uploads\/2020\/07\/IMG_5631.1-768x1024.jpg 768w, http:\/\/alexandra.meteobruno.com\/wp-content\/uploads\/2020\/07\/IMG_5631.1-225x300.jpg 225w, http:\/\/alexandra.meteobruno.com\/wp-content\/uploads\/2020\/07\/IMG_5631.1-1152x1536.jpg 1152w, http:\/\/alexandra.meteobruno.com\/wp-content\/uploads\/2020\/07\/IMG_5631.1-1536x2048.jpg 1536w, http:\/\/alexandra.meteobruno.com\/wp-content\/uploads\/2020\/07\/IMG_5631.1-scaled.jpg 1920w\" sizes=\"(max-width: 768px) 100vw, 768px\" \/><\/figure>\n\n\n\n<figure class=\"wp-block-image size-large\"><img loading=\"lazy\" width=\"1920\" height=\"2560\" data-id=\"309\"  src=\"http:\/\/alexandra.meteobruno.com\/wp-content\/uploads\/2020\/08\/IMG_5634.1-scaled.jpg\" alt=\"\" class=\"wp-image-309\" srcset=\"http:\/\/alexandra.meteobruno.com\/wp-content\/uploads\/2020\/08\/IMG_5634.1-scaled.jpg 1920w, http:\/\/alexandra.meteobruno.com\/wp-content\/uploads\/2020\/08\/IMG_5634.1-225x300.jpg 225w\" sizes=\"(max-width: 1920px) 100vw, 1920px\" \/><\/figure>\n<\/figure>\n\n\n\n<p>Mod\u00e8le : <em>Aaliyah<\/em><br>Lieu : <em>N\u00eemes<\/em><\/p>\n\n\n<div class=\"wp-block-image\">\n<figure class=\"aligncenter size-large is-resized\"><img loading=\"lazy\" src=\"http:\/\/alexandra.meteobruno.com\/wp-content\/uploads\/2021\/04\/2021-04-10-053944790-scaled.jpg\" alt=\"\" class=\"wp-image-467\" width=\"523\" height=\"696\" srcset=\"http:\/\/alexandra.meteobruno.com\/wp-content\/uploads\/2021\/04\/2021-04-10-053944790-scaled.jpg 1920w, http:\/\/alexandra.meteobruno.com\/wp-content\/uploads\/2021\/04\/2021-04-10-053944790-225x300.jpg 225w\" sizes=\"(max-width: 523px) 100vw, 523px\" \/><\/figure><\/div>\n\n\n<figure class=\"wp-container-10 wp-block-gallery-9 wp-block-gallery has-nested-images columns-default is-cropped\">\n<figure class=\"wp-block-image size-large\"><img loading=\"lazy\" width=\"819\" height=\"1024\" data-id=\"502\"  src=\"http:\/\/alexandra.meteobruno.com\/wp-content\/uploads\/2022\/07\/2020-08-09-01.05.40-2-scaled_re-819x1024.jpg\" alt=\"\" class=\"wp-image-502\" srcset=\"http:\/\/alexandra.meteobruno.com\/wp-content\/uploads\/2022\/07\/2020-08-09-01.05.40-2-scaled_re-819x1024.jpg 819w, http:\/\/alexandra.meteobruno.com\/wp-content\/uploads\/2022\/07\/2020-08-09-01.05.40-2-scaled_re-240x300.jpg 240w, http:\/\/alexandra.meteobruno.com\/wp-content\/uploads\/2022\/07\/2020-08-09-01.05.40-2-scaled_re-768x960.jpg 768w, http:\/\/alexandra.meteobruno.com\/wp-content\/uploads\/2022\/07\/2020-08-09-01.05.40-2-scaled_re-1229x1536.jpg 1229w, http:\/\/alexandra.meteobruno.com\/wp-content\/uploads\/2022\/07\/2020-08-09-01.05.40-2-scaled_re-1638x2048.jpg 1638w, http:\/\/alexandra.meteobruno.com\/wp-content\/uploads\/2022\/07\/2020-08-09-01.05.40-2-scaled_re-48x60.jpg 48w, http:\/\/alexandra.meteobruno.com\/wp-content\/uploads\/2022\/07\/2020-08-09-01.05.40-2-scaled_re.jpg 2048w\" sizes=\"(max-width: 819px) 100vw, 819px\" \/><\/figure>\n\n\n\n<figure class=\"wp-block-image size-large\"><img loading=\"lazy\" width=\"768\" height=\"1024\" data-id=\"503\"  src=\"http:\/\/alexandra.meteobruno.com\/wp-content\/uploads\/2022\/07\/IMG_6520_re-768x1024.jpg\" alt=\"\" class=\"wp-image-503\" srcset=\"http:\/\/alexandra.meteobruno.com\/wp-content\/uploads\/2022\/07\/IMG_6520_re-768x1024.jpg 768w, http:\/\/alexandra.meteobruno.com\/wp-content\/uploads\/2022\/07\/IMG_6520_re-225x300.jpg 225w, http:\/\/alexandra.meteobruno.com\/wp-content\/uploads\/2022\/07\/IMG_6520_re-1152x1536.jpg 1152w, http:\/\/alexandra.meteobruno.com\/wp-content\/uploads\/2022\/07\/IMG_6520_re-1536x2048.jpg 1536w, http:\/\/alexandra.meteobruno.com\/wp-content\/uploads\/2022\/07\/IMG_6520_re-45x60.jpg 45w, http:\/\/alexandra.meteobruno.com\/wp-content\/uploads\/2022\/07\/IMG_6520_re-scaled.jpg 1920w\" sizes=\"(max-width: 768px) 100vw, 768px\" \/><\/figure>\n<\/figure>\n\n\n\n<p>Mod\u00e8le : <em>Le\u00efla<\/em><br>Lieu : <em>Gardon<\/em><\/p>\n\n\n\n<div class=\"wp-container-11 wp-block-group\"><div class=\"wp-block-group__inner-container\"><\/div><\/div>\n\n\n<div class=\"wp-block-image\">\n<figure class=\"aligncenter size-large is-resized\"><img loading=\"lazy\" src=\"http:\/\/alexandra.meteobruno.com\/wp-content\/uploads\/2021\/03\/2021-03-20-082211137-scaled.jpg\" alt=\"\" class=\"wp-image-425\" width=\"575\" height=\"765\"\/><\/figure><\/div>\n\n\n<p>Mod\u00e8le : <em>No\u00e9mie<\/em><br>Lieu : <em>Marseille<\/em><\/p>\n","protected":false},"excerpt":{"rendered":"<p>Mod\u00e8le : ElisaLieu : N\u00eemes Mod\u00e8le : S\u00e9l\u00e9naLieu : Montpellier Mod\u00e8le : Chlo\u00e9Lieu : N\u00eemes Mod\u00e8le : AaliyahLieu : N\u00eemes Mod\u00e8le : Le\u00eflaLieu : Gardon Mod\u00e8le : No\u00e9mieLieu : Marseille<\/p>\n","protected":false},"author":1,"featured_media":0,"parent":0,"menu_order":0,"comment_status":"closed","ping_status":"closed","template":"","meta":[],"_links":{"self":[{"href":"http:\/\/alexandra.meteobruno.com\/index.php\/wp-json\/wp\/v2\/pages\/91"}],"collection":[{"href":"http:\/\/alexandra.meteobruno.com\/index.php\/wp-json\/wp\/v2\/pages"}],"about":[{"href":"http:\/\/alexandra.meteobruno.com\/index.php\/wp-json\/wp\/v2\/types\/page"}],"author":[{"embeddable":true,"href":"http:\/\/alexandra.meteobruno.com\/index.php\/wp-json\/wp\/v2\/users\/1"}],"replies":[{"embeddable":true,"href":"http:\/\/alexandra.meteobruno.com\/index.php\/wp-json\/wp\/v2\/comments?post=91"}],"version-history":[{"count":74,"href":"http:\/\/alexandra.meteobruno.com\/index.php\/wp-json\/wp\/v2\/pages\/91\/revisions"}],"predecessor-version":[{"id":504,"href":"http:\/\/alexandra.meteobruno.com\/index.php\/wp-json\/wp\/v2\/pages\/91\/revisions\/504"}],"wp:attachment":[{"href":"http:\/\/alexandra.meteobruno.com\/index.php\/wp-json\/wp\/v2\/media?parent=91"}],"curies":[{"name":"wp","href":"https:\/\/api.w.org\/{rel}","templated":true}]}}