{"id":638,"date":"2022-07-08T15:25:18","date_gmt":"2022-07-08T13:25:18","guid":{"rendered":"http:\/\/alexandra.meteobruno.com\/?page_id=638"},"modified":"2022-07-08T16:57:31","modified_gmt":"2022-07-08T14:57:31","slug":"le-joyau","status":"publish","type":"page","link":"http:\/\/alexandra.meteobruno.com\/index.php\/le-joyau\/","title":{"rendered":"Le Joyau"},"content":{"rendered":"\n<p class=\"has-text-align-center\">Ce projet est une broderie travaill\u00e9e avec une technique d&#8217;extraction permettant un relief appel\u00e9e Stumpwork.<\/p>\n\n\n\n<figure class=\"wp-block-image size-large\"><img loading=\"lazy\" width=\"1024\" height=\"683\" src=\"http:\/\/alexandra.meteobruno.com\/wp-content\/uploads\/2022\/07\/DSC07529_re-1024x683.jpg\" alt=\"\" class=\"wp-image-641\" srcset=\"http:\/\/alexandra.meteobruno.com\/wp-content\/uploads\/2022\/07\/DSC07529_re-1024x683.jpg 1024w, http:\/\/alexandra.meteobruno.com\/wp-content\/uploads\/2022\/07\/DSC07529_re-300x200.jpg 300w, http:\/\/alexandra.meteobruno.com\/wp-content\/uploads\/2022\/07\/DSC07529_re-768x512.jpg 768w, http:\/\/alexandra.meteobruno.com\/wp-content\/uploads\/2022\/07\/DSC07529_re-1536x1024.jpg 1536w, http:\/\/alexandra.meteobruno.com\/wp-content\/uploads\/2022\/07\/DSC07529_re-2048x1365.jpg 2048w, http:\/\/alexandra.meteobruno.com\/wp-content\/uploads\/2022\/07\/DSC07529_re-450x300.jpg 450w, http:\/\/alexandra.meteobruno.com\/wp-content\/uploads\/2022\/07\/DSC07529_re-90x60.jpg 90w\" sizes=\"(max-width: 1024px) 100vw, 1024px\" \/><\/figure>\n\n\n\n<p class=\"has-text-align-center\">Cette pi\u00e8ce est une continuit\u00e9 de la broche &#8220;Fleur d&#8217;Orf\u00e8vre&#8221;. D&#8217;une part pour ses choix de mat\u00e9riaux, ses couleurs et ses techniques de points utilis\u00e9s. <\/p>\n\n\n\n<p class=\"has-text-align-center\">L&#8217;inspiration commune des deux broches sur le th\u00e8me de l&#8217;orf\u00e8vrerie et la broderie d&#8217;Or en font un autre point commun. <\/p>\n\n\n\n<p class=\"has-text-align-center\">De plus, ici, un rappel \u00e0 la joaillerie se fait sous-entendre par l&#8217;utilisation d&#8217;un cristal central et par l&#8217;utilisation de la forme du papillon, qui, est une forme r\u00e9pandue dans l&#8217;univers de la joaillerie. <\/p>\n\n\n\n<p class=\"has-text-align-center\">4 jours de travails minutieux ont \u00e9t\u00e9 n\u00e9cessaires pour sa r\u00e9alisation.<\/p>\n\n\n\n<figure class=\"wp-container-2 wp-block-gallery-1 wp-block-gallery has-nested-images columns-default is-cropped\">\n<figure class=\"wp-block-image size-large\"><img loading=\"lazy\" width=\"2560\" height=\"1707\" data-id=\"645\"  src=\"http:\/\/alexandra.meteobruno.com\/wp-content\/uploads\/2022\/07\/DSC07572_re-scaled.jpg\" alt=\"\" class=\"wp-image-645\" srcset=\"http:\/\/alexandra.meteobruno.com\/wp-content\/uploads\/2022\/07\/DSC07572_re-scaled.jpg 2560w, http:\/\/alexandra.meteobruno.com\/wp-content\/uploads\/2022\/07\/DSC07572_re-300x200.jpg 300w, http:\/\/alexandra.meteobruno.com\/wp-content\/uploads\/2022\/07\/DSC07572_re-1024x683.jpg 1024w, http:\/\/alexandra.meteobruno.com\/wp-content\/uploads\/2022\/07\/DSC07572_re-768x512.jpg 768w, http:\/\/alexandra.meteobruno.com\/wp-content\/uploads\/2022\/07\/DSC07572_re-1536x1024.jpg 1536w, http:\/\/alexandra.meteobruno.com\/wp-content\/uploads\/2022\/07\/DSC07572_re-2048x1365.jpg 2048w, http:\/\/alexandra.meteobruno.com\/wp-content\/uploads\/2022\/07\/DSC07572_re-450x300.jpg 450w, http:\/\/alexandra.meteobruno.com\/wp-content\/uploads\/2022\/07\/DSC07572_re-90x60.jpg 90w\" sizes=\"(max-width: 2560px) 100vw, 2560px\" \/><\/figure>\n\n\n\n<figure class=\"wp-block-image size-large\"><img loading=\"lazy\" width=\"2560\" height=\"1707\" data-id=\"644\"  src=\"http:\/\/alexandra.meteobruno.com\/wp-content\/uploads\/2022\/07\/DSC07481_re-scaled.jpg\" alt=\"\" class=\"wp-image-644\" srcset=\"http:\/\/alexandra.meteobruno.com\/wp-content\/uploads\/2022\/07\/DSC07481_re-scaled.jpg 2560w, http:\/\/alexandra.meteobruno.com\/wp-content\/uploads\/2022\/07\/DSC07481_re-300x200.jpg 300w, http:\/\/alexandra.meteobruno.com\/wp-content\/uploads\/2022\/07\/DSC07481_re-1024x683.jpg 1024w, http:\/\/alexandra.meteobruno.com\/wp-content\/uploads\/2022\/07\/DSC07481_re-768x512.jpg 768w, http:\/\/alexandra.meteobruno.com\/wp-content\/uploads\/2022\/07\/DSC07481_re-1536x1024.jpg 1536w, http:\/\/alexandra.meteobruno.com\/wp-content\/uploads\/2022\/07\/DSC07481_re-2048x1365.jpg 2048w, http:\/\/alexandra.meteobruno.com\/wp-content\/uploads\/2022\/07\/DSC07481_re-450x300.jpg 450w, http:\/\/alexandra.meteobruno.com\/wp-content\/uploads\/2022\/07\/DSC07481_re-90x60.jpg 90w\" sizes=\"(max-width: 2560px) 100vw, 2560px\" \/><\/figure>\n<\/figure>\n\n\n\n<figure class=\"wp-container-4 wp-block-gallery-3 wp-block-gallery has-nested-images columns-default is-cropped\">\n<figure class=\"wp-block-image size-large\"><img loading=\"lazy\" width=\"1024\" height=\"683\" data-id=\"646\"  src=\"http:\/\/alexandra.meteobruno.com\/wp-content\/uploads\/2022\/07\/DSC07535_re-1024x683.jpg\" alt=\"\" class=\"wp-image-646\" srcset=\"http:\/\/alexandra.meteobruno.com\/wp-content\/uploads\/2022\/07\/DSC07535_re-1024x683.jpg 1024w, http:\/\/alexandra.meteobruno.com\/wp-content\/uploads\/2022\/07\/DSC07535_re-300x200.jpg 300w, http:\/\/alexandra.meteobruno.com\/wp-content\/uploads\/2022\/07\/DSC07535_re-768x512.jpg 768w, http:\/\/alexandra.meteobruno.com\/wp-content\/uploads\/2022\/07\/DSC07535_re-1536x1024.jpg 1536w, http:\/\/alexandra.meteobruno.com\/wp-content\/uploads\/2022\/07\/DSC07535_re-2048x1365.jpg 2048w, http:\/\/alexandra.meteobruno.com\/wp-content\/uploads\/2022\/07\/DSC07535_re-450x300.jpg 450w, http:\/\/alexandra.meteobruno.com\/wp-content\/uploads\/2022\/07\/DSC07535_re-90x60.jpg 90w\" sizes=\"(max-width: 1024px) 100vw, 1024px\" \/><\/figure>\n\n\n\n<figure class=\"wp-block-image size-large\"><img loading=\"lazy\" width=\"2560\" height=\"1707\" data-id=\"642\"  src=\"http:\/\/alexandra.meteobruno.com\/wp-content\/uploads\/2022\/07\/DSC07520_re-scaled.jpg\" alt=\"\" class=\"wp-image-642\" srcset=\"http:\/\/alexandra.meteobruno.com\/wp-content\/uploads\/2022\/07\/DSC07520_re-scaled.jpg 2560w, http:\/\/alexandra.meteobruno.com\/wp-content\/uploads\/2022\/07\/DSC07520_re-300x200.jpg 300w, http:\/\/alexandra.meteobruno.com\/wp-content\/uploads\/2022\/07\/DSC07520_re-1024x683.jpg 1024w, http:\/\/alexandra.meteobruno.com\/wp-content\/uploads\/2022\/07\/DSC07520_re-768x512.jpg 768w, http:\/\/alexandra.meteobruno.com\/wp-content\/uploads\/2022\/07\/DSC07520_re-1536x1024.jpg 1536w, http:\/\/alexandra.meteobruno.com\/wp-content\/uploads\/2022\/07\/DSC07520_re-2048x1365.jpg 2048w, http:\/\/alexandra.meteobruno.com\/wp-content\/uploads\/2022\/07\/DSC07520_re-450x300.jpg 450w, http:\/\/alexandra.meteobruno.com\/wp-content\/uploads\/2022\/07\/DSC07520_re-90x60.jpg 90w\" sizes=\"(max-width: 2560px) 100vw, 2560px\" \/><\/figure>\n<\/figure>\n\n\n\n<figure class=\"wp-block-image size-large\"><img loading=\"lazy\" width=\"1024\" height=\"683\" src=\"http:\/\/alexandra.meteobruno.com\/wp-content\/uploads\/2022\/07\/DSC07522_re-1024x683.jpg\" alt=\"\" class=\"wp-image-643\" srcset=\"http:\/\/alexandra.meteobruno.com\/wp-content\/uploads\/2022\/07\/DSC07522_re-1024x683.jpg 1024w, http:\/\/alexandra.meteobruno.com\/wp-content\/uploads\/2022\/07\/DSC07522_re-300x200.jpg 300w, http:\/\/alexandra.meteobruno.com\/wp-content\/uploads\/2022\/07\/DSC07522_re-768x512.jpg 768w, http:\/\/alexandra.meteobruno.com\/wp-content\/uploads\/2022\/07\/DSC07522_re-1536x1024.jpg 1536w, http:\/\/alexandra.meteobruno.com\/wp-content\/uploads\/2022\/07\/DSC07522_re-2048x1365.jpg 2048w, http:\/\/alexandra.meteobruno.com\/wp-content\/uploads\/2022\/07\/DSC07522_re-450x300.jpg 450w, http:\/\/alexandra.meteobruno.com\/wp-content\/uploads\/2022\/07\/DSC07522_re-90x60.jpg 90w\" sizes=\"(max-width: 1024px) 100vw, 1024px\" \/><\/figure>\n","protected":false},"excerpt":{"rendered":"<p>Ce projet est une broderie travaill\u00e9e avec une technique d&#8217;extraction permettant un relief appel\u00e9e Stumpwork. Cette pi\u00e8ce est une continuit\u00e9 de la broche &#8220;Fleur d&#8217;Orf\u00e8vre&#8221;. D&#8217;une part pour ses choix de mat\u00e9riaux, ses couleurs et ses techniques de points utilis\u00e9s. L&#8217;inspiration commune des deux broches sur le th\u00e8me de l&#8217;orf\u00e8vrerie et la broderie d&#8217;Or en &hellip; <\/p>\n","protected":false},"author":1,"featured_media":0,"parent":0,"menu_order":0,"comment_status":"closed","ping_status":"closed","template":"","meta":[],"_links":{"self":[{"href":"http:\/\/alexandra.meteobruno.com\/index.php\/wp-json\/wp\/v2\/pages\/638"}],"collection":[{"href":"http:\/\/alexandra.meteobruno.com\/index.php\/wp-json\/wp\/v2\/pages"}],"about":[{"href":"http:\/\/alexandra.meteobruno.com\/index.php\/wp-json\/wp\/v2\/types\/page"}],"author":[{"embeddable":true,"href":"http:\/\/alexandra.meteobruno.com\/index.php\/wp-json\/wp\/v2\/users\/1"}],"replies":[{"embeddable":true,"href":"http:\/\/alexandra.meteobruno.com\/index.php\/wp-json\/wp\/v2\/comments?post=638"}],"version-history":[{"count":2,"href":"http:\/\/alexandra.meteobruno.com\/index.php\/wp-json\/wp\/v2\/pages\/638\/revisions"}],"predecessor-version":[{"id":647,"href":"http:\/\/alexandra.meteobruno.com\/index.php\/wp-json\/wp\/v2\/pages\/638\/revisions\/647"}],"wp:attachment":[{"href":"http:\/\/alexandra.meteobruno.com\/index.php\/wp-json\/wp\/v2\/media?parent=638"}],"curies":[{"name":"wp","href":"https:\/\/api.w.org\/{rel}","templated":true}]}}