{"id":532,"date":"2022-07-02T21:42:17","date_gmt":"2022-07-02T19:42:17","guid":{"rendered":"http:\/\/alexandra.meteobruno.com\/?page_id=532"},"modified":"2022-07-08T15:56:43","modified_gmt":"2022-07-08T13:56:43","slug":"fleur-dorfevre","status":"publish","type":"page","link":"http:\/\/alexandra.meteobruno.com\/index.php\/fleur-dorfevre\/","title":{"rendered":"Fleur d&#8217;Orf\u00e8vre"},"content":{"rendered":"\n<p class=\"has-text-align-center\">Ce projet est un projet de broderie avec une technique d&#8217;extraction permettant de travailler en relief appel\u00e9e Stumpwork .<\/p>\n\n\n\n<p><\/p>\n\n\n\n<figure class=\"wp-block-image size-large\"><img loading=\"lazy\" width=\"1024\" height=\"626\" src=\"http:\/\/alexandra.meteobruno.com\/wp-content\/uploads\/2022\/07\/DSC07462_re-1-1024x626.jpg\" alt=\"\" class=\"wp-image-613\" srcset=\"http:\/\/alexandra.meteobruno.com\/wp-content\/uploads\/2022\/07\/DSC07462_re-1-1024x626.jpg 1024w, http:\/\/alexandra.meteobruno.com\/wp-content\/uploads\/2022\/07\/DSC07462_re-1-300x183.jpg 300w, http:\/\/alexandra.meteobruno.com\/wp-content\/uploads\/2022\/07\/DSC07462_re-1-768x469.jpg 768w, http:\/\/alexandra.meteobruno.com\/wp-content\/uploads\/2022\/07\/DSC07462_re-1-1536x939.jpg 1536w, http:\/\/alexandra.meteobruno.com\/wp-content\/uploads\/2022\/07\/DSC07462_re-1-2048x1252.jpg 2048w, http:\/\/alexandra.meteobruno.com\/wp-content\/uploads\/2022\/07\/DSC07462_re-1-98x60.jpg 98w\" sizes=\"(max-width: 1024px) 100vw, 1024px\" \/><\/figure>\n\n\n\n<p class=\"has-text-align-center\">Inspir\u00e9e de l&#8217;orf\u00e8vrerie et de la broderie d&#8217;Or, cette broche devient un bijou. <\/p>\n\n\n\n<p class=\"has-text-align-center\">Cette pi\u00e8ce est une continuit\u00e9 de la broche &#8220;Le Joyau&#8221;.<\/p>\n\n\n\n<p class=\"has-text-align-center\">10 jours de travails minutieux ont \u00e9t\u00e9 n\u00e9cessaires pour sa r\u00e9alisation.<\/p>\n\n\n\n<figure class=\"wp-container-2 wp-block-gallery-1 wp-block-gallery has-nested-images columns-default is-cropped\">\n<figure class=\"wp-block-image size-large\"><img loading=\"lazy\" width=\"2560\" height=\"1707\" data-id=\"611\"  src=\"http:\/\/alexandra.meteobruno.com\/wp-content\/uploads\/2022\/07\/DSC07272_re-scaled.jpg\" alt=\"\" class=\"wp-image-611\" srcset=\"http:\/\/alexandra.meteobruno.com\/wp-content\/uploads\/2022\/07\/DSC07272_re-scaled.jpg 2560w, http:\/\/alexandra.meteobruno.com\/wp-content\/uploads\/2022\/07\/DSC07272_re-300x200.jpg 300w, http:\/\/alexandra.meteobruno.com\/wp-content\/uploads\/2022\/07\/DSC07272_re-1024x683.jpg 1024w, http:\/\/alexandra.meteobruno.com\/wp-content\/uploads\/2022\/07\/DSC07272_re-768x512.jpg 768w, http:\/\/alexandra.meteobruno.com\/wp-content\/uploads\/2022\/07\/DSC07272_re-1536x1024.jpg 1536w, http:\/\/alexandra.meteobruno.com\/wp-content\/uploads\/2022\/07\/DSC07272_re-2048x1365.jpg 2048w, http:\/\/alexandra.meteobruno.com\/wp-content\/uploads\/2022\/07\/DSC07272_re-450x300.jpg 450w, http:\/\/alexandra.meteobruno.com\/wp-content\/uploads\/2022\/07\/DSC07272_re-90x60.jpg 90w\" sizes=\"(max-width: 2560px) 100vw, 2560px\" \/><\/figure>\n\n\n\n<figure class=\"wp-block-image size-large\"><img loading=\"lazy\" width=\"2560\" height=\"1707\" data-id=\"570\"  src=\"http:\/\/alexandra.meteobruno.com\/wp-content\/uploads\/2022\/07\/DSC07342_re-scaled.jpg\" alt=\"\" class=\"wp-image-570\" srcset=\"http:\/\/alexandra.meteobruno.com\/wp-content\/uploads\/2022\/07\/DSC07342_re-scaled.jpg 2560w, http:\/\/alexandra.meteobruno.com\/wp-content\/uploads\/2022\/07\/DSC07342_re-300x200.jpg 300w, http:\/\/alexandra.meteobruno.com\/wp-content\/uploads\/2022\/07\/DSC07342_re-1024x683.jpg 1024w, http:\/\/alexandra.meteobruno.com\/wp-content\/uploads\/2022\/07\/DSC07342_re-768x512.jpg 768w, http:\/\/alexandra.meteobruno.com\/wp-content\/uploads\/2022\/07\/DSC07342_re-1536x1024.jpg 1536w, http:\/\/alexandra.meteobruno.com\/wp-content\/uploads\/2022\/07\/DSC07342_re-2048x1365.jpg 2048w, http:\/\/alexandra.meteobruno.com\/wp-content\/uploads\/2022\/07\/DSC07342_re-450x300.jpg 450w, http:\/\/alexandra.meteobruno.com\/wp-content\/uploads\/2022\/07\/DSC07342_re-90x60.jpg 90w\" sizes=\"(max-width: 2560px) 100vw, 2560px\" \/><\/figure>\n<\/figure>\n\n\n\n<figure class=\"wp-container-4 wp-block-gallery-3 wp-block-gallery has-nested-images columns-default is-cropped\">\n<figure class=\"wp-block-image size-large\"><img loading=\"lazy\" width=\"2560\" height=\"1707\" data-id=\"571\"  src=\"http:\/\/alexandra.meteobruno.com\/wp-content\/uploads\/2022\/07\/DSC07286_re-scaled.jpg\" alt=\"\" class=\"wp-image-571\" srcset=\"http:\/\/alexandra.meteobruno.com\/wp-content\/uploads\/2022\/07\/DSC07286_re-scaled.jpg 2560w, http:\/\/alexandra.meteobruno.com\/wp-content\/uploads\/2022\/07\/DSC07286_re-300x200.jpg 300w, http:\/\/alexandra.meteobruno.com\/wp-content\/uploads\/2022\/07\/DSC07286_re-1024x683.jpg 1024w, http:\/\/alexandra.meteobruno.com\/wp-content\/uploads\/2022\/07\/DSC07286_re-768x512.jpg 768w, http:\/\/alexandra.meteobruno.com\/wp-content\/uploads\/2022\/07\/DSC07286_re-1536x1024.jpg 1536w, http:\/\/alexandra.meteobruno.com\/wp-content\/uploads\/2022\/07\/DSC07286_re-2048x1365.jpg 2048w, http:\/\/alexandra.meteobruno.com\/wp-content\/uploads\/2022\/07\/DSC07286_re-450x300.jpg 450w, http:\/\/alexandra.meteobruno.com\/wp-content\/uploads\/2022\/07\/DSC07286_re-90x60.jpg 90w\" sizes=\"(max-width: 2560px) 100vw, 2560px\" \/><\/figure>\n\n\n\n<figure class=\"wp-block-image size-large\"><img loading=\"lazy\" width=\"2560\" height=\"1707\" data-id=\"612\"  src=\"http:\/\/alexandra.meteobruno.com\/wp-content\/uploads\/2022\/07\/DSC07388_re-scaled.jpg\" alt=\"\" class=\"wp-image-612\" srcset=\"http:\/\/alexandra.meteobruno.com\/wp-content\/uploads\/2022\/07\/DSC07388_re-scaled.jpg 2560w, http:\/\/alexandra.meteobruno.com\/wp-content\/uploads\/2022\/07\/DSC07388_re-300x200.jpg 300w, http:\/\/alexandra.meteobruno.com\/wp-content\/uploads\/2022\/07\/DSC07388_re-1024x683.jpg 1024w, http:\/\/alexandra.meteobruno.com\/wp-content\/uploads\/2022\/07\/DSC07388_re-768x512.jpg 768w, http:\/\/alexandra.meteobruno.com\/wp-content\/uploads\/2022\/07\/DSC07388_re-1536x1024.jpg 1536w, http:\/\/alexandra.meteobruno.com\/wp-content\/uploads\/2022\/07\/DSC07388_re-2048x1365.jpg 2048w, http:\/\/alexandra.meteobruno.com\/wp-content\/uploads\/2022\/07\/DSC07388_re-450x300.jpg 450w, http:\/\/alexandra.meteobruno.com\/wp-content\/uploads\/2022\/07\/DSC07388_re-90x60.jpg 90w\" sizes=\"(max-width: 2560px) 100vw, 2560px\" \/><\/figure>\n<\/figure>\n\n\n\n<figure class=\"wp-block-image size-large\"><img loading=\"lazy\" width=\"1024\" height=\"683\" src=\"http:\/\/alexandra.meteobruno.com\/wp-content\/uploads\/2022\/07\/DSC07374_re-1024x683.jpg\" alt=\"\" class=\"wp-image-569\" srcset=\"http:\/\/alexandra.meteobruno.com\/wp-content\/uploads\/2022\/07\/DSC07374_re-1024x683.jpg 1024w, http:\/\/alexandra.meteobruno.com\/wp-content\/uploads\/2022\/07\/DSC07374_re-300x200.jpg 300w, http:\/\/alexandra.meteobruno.com\/wp-content\/uploads\/2022\/07\/DSC07374_re-768x512.jpg 768w, http:\/\/alexandra.meteobruno.com\/wp-content\/uploads\/2022\/07\/DSC07374_re-1536x1024.jpg 1536w, http:\/\/alexandra.meteobruno.com\/wp-content\/uploads\/2022\/07\/DSC07374_re-2048x1365.jpg 2048w, http:\/\/alexandra.meteobruno.com\/wp-content\/uploads\/2022\/07\/DSC07374_re-450x300.jpg 450w, http:\/\/alexandra.meteobruno.com\/wp-content\/uploads\/2022\/07\/DSC07374_re-90x60.jpg 90w\" sizes=\"(max-width: 1024px) 100vw, 1024px\" \/><\/figure>\n","protected":false},"excerpt":{"rendered":"<p>Ce projet est un projet de broderie avec une technique d&#8217;extraction permettant de travailler en relief appel\u00e9e Stumpwork . Inspir\u00e9e de l&#8217;orf\u00e8vrerie et de la broderie d&#8217;Or, cette broche devient un bijou. Cette pi\u00e8ce est une continuit\u00e9 de la broche &#8220;Le Joyau&#8221;. 10 jours de travails minutieux ont \u00e9t\u00e9 n\u00e9cessaires pour sa r\u00e9alisation.<\/p>\n","protected":false},"author":1,"featured_media":0,"parent":0,"menu_order":0,"comment_status":"closed","ping_status":"closed","template":"","meta":[],"_links":{"self":[{"href":"http:\/\/alexandra.meteobruno.com\/index.php\/wp-json\/wp\/v2\/pages\/532"}],"collection":[{"href":"http:\/\/alexandra.meteobruno.com\/index.php\/wp-json\/wp\/v2\/pages"}],"about":[{"href":"http:\/\/alexandra.meteobruno.com\/index.php\/wp-json\/wp\/v2\/types\/page"}],"author":[{"embeddable":true,"href":"http:\/\/alexandra.meteobruno.com\/index.php\/wp-json\/wp\/v2\/users\/1"}],"replies":[{"embeddable":true,"href":"http:\/\/alexandra.meteobruno.com\/index.php\/wp-json\/wp\/v2\/comments?post=532"}],"version-history":[{"count":4,"href":"http:\/\/alexandra.meteobruno.com\/index.php\/wp-json\/wp\/v2\/pages\/532\/revisions"}],"predecessor-version":[{"id":653,"href":"http:\/\/alexandra.meteobruno.com\/index.php\/wp-json\/wp\/v2\/pages\/532\/revisions\/653"}],"wp:attachment":[{"href":"http:\/\/alexandra.meteobruno.com\/index.php\/wp-json\/wp\/v2\/media?parent=532"}],"curies":[{"name":"wp","href":"https:\/\/api.w.org\/{rel}","templated":true}]}}