{"id":522,"date":"2022-07-02T21:36:05","date_gmt":"2022-07-02T19:36:05","guid":{"rendered":"http:\/\/alexandra.meteobruno.com\/?page_id=522"},"modified":"2022-07-03T20:13:13","modified_gmt":"2022-07-03T18:13:13","slug":"fragilis-coragnum","status":"publish","type":"page","link":"http:\/\/alexandra.meteobruno.com\/index.php\/fragilis-coragnum\/","title":{"rendered":"Fragilis Coragnum"},"content":{"rendered":"\n<p class=\"has-text-align-left\">Fragilis Coragnum est une collection comportant une ligne de bijoux accessoires. Cette collection est fabriqu\u00e9e \u00e0 partir de mat\u00e9riaux fragiles, cartons, plastiques PLA, fils de laitons et vernis. Elle tourne autour de la th\u00e9matique du corail appel\u00e9 \u00e9galement &#8220;or de la m\u00e9diterran\u00e9e&#8221; ou &#8220;joyaux de la mer&#8221;.<\/p>\n\n\n\n<p>Ce dernier renvoie \u00e0 la pr\u00e9ciosit\u00e9, \u00e0 la finesse, \u00e0 la joaillerie, mais \u00e9galement \u00e0 la raret\u00e9 ou encore \u00e0 la fragilit\u00e9, puisqu&#8217;il est d\u00e9sormais prot\u00e9g\u00e9 et sa p\u00eache r\u00e9glement\u00e9e. <\/p>\n\n\n\n<p>Cette collection est cr\u00e9\u00e9e en partant du th\u00e8me Surface Sensible, et \u00e9galement en s&#8217;int\u00e9ressant \u00e0 leurs transformations d&#8217;animal sous-marin &#8220;vivant&#8221; \u00e0 &#8220;petite branche p\u00e9trifi\u00e9e&#8221;, lorsqu&#8217;ils sont extraits des fonds marins, leur milieu d&#8217;origine. Pour travailler ces notions, la pr\u00e9ciosit\u00e9 du corail et son utilisation majoritaire et traditionnelle dans le domaine de la bijouterie, des gestes allant jusqu&#8217;aux techniques vont \u00eatre investis et vont rendre compte de cette fragilit\u00e9, pr\u00e9ciosit\u00e9 du corail.<\/p>\n\n\n\n<figure class=\"wp-container-2 wp-block-gallery-1 wp-block-gallery has-nested-images columns-default is-cropped\">\n<figure class=\"wp-block-image size-large\"><img loading=\"lazy\" width=\"2560\" height=\"1707\" data-id=\"568\"  src=\"http:\/\/alexandra.meteobruno.com\/wp-content\/uploads\/2022\/07\/IMGP5254_re-scaled.jpg\" alt=\"\" class=\"wp-image-568\" srcset=\"http:\/\/alexandra.meteobruno.com\/wp-content\/uploads\/2022\/07\/IMGP5254_re-scaled.jpg 2560w, http:\/\/alexandra.meteobruno.com\/wp-content\/uploads\/2022\/07\/IMGP5254_re-300x200.jpg 300w, http:\/\/alexandra.meteobruno.com\/wp-content\/uploads\/2022\/07\/IMGP5254_re-1024x683.jpg 1024w, http:\/\/alexandra.meteobruno.com\/wp-content\/uploads\/2022\/07\/IMGP5254_re-768x512.jpg 768w, http:\/\/alexandra.meteobruno.com\/wp-content\/uploads\/2022\/07\/IMGP5254_re-1536x1024.jpg 1536w, http:\/\/alexandra.meteobruno.com\/wp-content\/uploads\/2022\/07\/IMGP5254_re-2048x1365.jpg 2048w, http:\/\/alexandra.meteobruno.com\/wp-content\/uploads\/2022\/07\/IMGP5254_re-450x300.jpg 450w, http:\/\/alexandra.meteobruno.com\/wp-content\/uploads\/2022\/07\/IMGP5254_re-90x60.jpg 90w\" sizes=\"(max-width: 2560px) 100vw, 2560px\" \/><\/figure>\n\n\n\n<figure class=\"wp-block-image size-large\"><img loading=\"lazy\" width=\"2560\" height=\"1707\" data-id=\"620\"  src=\"http:\/\/alexandra.meteobruno.com\/wp-content\/uploads\/2022\/07\/IMGP5257_re-scaled.jpg\" alt=\"\" class=\"wp-image-620\" srcset=\"http:\/\/alexandra.meteobruno.com\/wp-content\/uploads\/2022\/07\/IMGP5257_re-scaled.jpg 2560w, http:\/\/alexandra.meteobruno.com\/wp-content\/uploads\/2022\/07\/IMGP5257_re-300x200.jpg 300w, http:\/\/alexandra.meteobruno.com\/wp-content\/uploads\/2022\/07\/IMGP5257_re-1024x683.jpg 1024w, http:\/\/alexandra.meteobruno.com\/wp-content\/uploads\/2022\/07\/IMGP5257_re-768x512.jpg 768w, http:\/\/alexandra.meteobruno.com\/wp-content\/uploads\/2022\/07\/IMGP5257_re-1536x1024.jpg 1536w, http:\/\/alexandra.meteobruno.com\/wp-content\/uploads\/2022\/07\/IMGP5257_re-2048x1365.jpg 2048w, http:\/\/alexandra.meteobruno.com\/wp-content\/uploads\/2022\/07\/IMGP5257_re-450x300.jpg 450w, http:\/\/alexandra.meteobruno.com\/wp-content\/uploads\/2022\/07\/IMGP5257_re-90x60.jpg 90w\" sizes=\"(max-width: 2560px) 100vw, 2560px\" \/><\/figure>\n<\/figure>\n\n\n\n<figure class=\"wp-container-4 wp-block-gallery-3 wp-block-gallery has-nested-images columns-default is-cropped\">\n<figure class=\"wp-block-image size-large\"><img loading=\"lazy\" width=\"1920\" height=\"2560\" data-id=\"624\"  src=\"http:\/\/alexandra.meteobruno.com\/wp-content\/uploads\/2022\/07\/IMG_5194-scaled.jpg\" alt=\"\" class=\"wp-image-624\" srcset=\"http:\/\/alexandra.meteobruno.com\/wp-content\/uploads\/2022\/07\/IMG_5194-scaled.jpg 1920w, http:\/\/alexandra.meteobruno.com\/wp-content\/uploads\/2022\/07\/IMG_5194-225x300.jpg 225w, http:\/\/alexandra.meteobruno.com\/wp-content\/uploads\/2022\/07\/IMG_5194-768x1024.jpg 768w, http:\/\/alexandra.meteobruno.com\/wp-content\/uploads\/2022\/07\/IMG_5194-1152x1536.jpg 1152w, http:\/\/alexandra.meteobruno.com\/wp-content\/uploads\/2022\/07\/IMG_5194-1536x2048.jpg 1536w, http:\/\/alexandra.meteobruno.com\/wp-content\/uploads\/2022\/07\/IMG_5194-45x60.jpg 45w\" sizes=\"(max-width: 1920px) 100vw, 1920px\" \/><\/figure>\n\n\n\n<figure class=\"wp-block-image size-large\"><img loading=\"lazy\" width=\"1920\" height=\"2560\" data-id=\"625\"  src=\"http:\/\/alexandra.meteobruno.com\/wp-content\/uploads\/2022\/07\/IMG_5553_re-scaled.jpg\" alt=\"\" class=\"wp-image-625\" srcset=\"http:\/\/alexandra.meteobruno.com\/wp-content\/uploads\/2022\/07\/IMG_5553_re-scaled.jpg 1920w, http:\/\/alexandra.meteobruno.com\/wp-content\/uploads\/2022\/07\/IMG_5553_re-225x300.jpg 225w, http:\/\/alexandra.meteobruno.com\/wp-content\/uploads\/2022\/07\/IMG_5553_re-768x1024.jpg 768w, http:\/\/alexandra.meteobruno.com\/wp-content\/uploads\/2022\/07\/IMG_5553_re-1152x1536.jpg 1152w, http:\/\/alexandra.meteobruno.com\/wp-content\/uploads\/2022\/07\/IMG_5553_re-1536x2048.jpg 1536w, http:\/\/alexandra.meteobruno.com\/wp-content\/uploads\/2022\/07\/IMG_5553_re-45x60.jpg 45w\" sizes=\"(max-width: 1920px) 100vw, 1920px\" \/><\/figure>\n<\/figure>\n\n\n\n<p>La technique traditionnelle de broderie est bouscul\u00e9e en r\u00e9alisant des broderies avec des perles de corail, des aiguilles, du fil dor\u00e9, et, \u00e0 l&#8217;inverse des mat\u00e9riaux pauvres, tels que le plastique PLA, permettant d&#8217;imprimer des coraux en 3D, ou des cartons d\u00e9coup\u00e9s \u00e0 la d\u00e9coupe laser et ensuite recouverts de couches de vernis \u00e0 ongle rouge ou dor\u00e9.<\/p>\n\n\n\n<p>Cette technique permet de sublimer le mat\u00e9riau pauvre et ainsi, op\u00e9rer une transformation de mati\u00e8re brute \u00e0 aspect pr\u00e9cieux et en volume.<\/p>\n\n\n<div class=\"wp-block-image\">\n<figure class=\"aligncenter size-large is-resized\"><img loading=\"lazy\" src=\"http:\/\/alexandra.meteobruno.com\/wp-content\/uploads\/2022\/07\/IMG_5182_re-1-768x1024.jpg\" alt=\"\" class=\"wp-image-622\" width=\"495\" height=\"660\" srcset=\"http:\/\/alexandra.meteobruno.com\/wp-content\/uploads\/2022\/07\/IMG_5182_re-1-768x1024.jpg 768w, http:\/\/alexandra.meteobruno.com\/wp-content\/uploads\/2022\/07\/IMG_5182_re-1-225x300.jpg 225w, http:\/\/alexandra.meteobruno.com\/wp-content\/uploads\/2022\/07\/IMG_5182_re-1-1152x1536.jpg 1152w, http:\/\/alexandra.meteobruno.com\/wp-content\/uploads\/2022\/07\/IMG_5182_re-1-1536x2048.jpg 1536w, http:\/\/alexandra.meteobruno.com\/wp-content\/uploads\/2022\/07\/IMG_5182_re-1-45x60.jpg 45w, http:\/\/alexandra.meteobruno.com\/wp-content\/uploads\/2022\/07\/IMG_5182_re-1-scaled.jpg 1920w\" sizes=\"(max-width: 495px) 100vw, 495px\" \/><\/figure><\/div>\n\n\n<p>La fabrication est r\u00e9alis\u00e9e par des processus diff\u00e9rents, processus technique et technologique provoquant des temporalit\u00e9s. En effet, le processus technique comportant des gestes de broderie et torsion des fils de laitons, de vernis, sont des temps longs de r\u00e9alisation alors que le processus technologique comportant la d\u00e9coupe laser, l&#8217;impression 3D, sont des temps rapides de conceptions. Par ailleurs, la lecture de la parure de t\u00eate provoque \u00e9galement une temporalit\u00e9 pour ses strates de mati\u00e8res.<\/p>\n\n\n\n<p>Les bijoux deviennent v\u00eatement aux vues de leurs positions, leurs grandeurs et des techniques utilis\u00e9es pour leurs fabrications, qui demandent de la minutie et de la pr\u00e9cision.<\/p>\n\n\n\n<figure class=\"wp-container-6 wp-block-gallery-5 wp-block-gallery has-nested-images columns-default is-cropped\">\n<figure class=\"wp-block-image size-large\"><img loading=\"lazy\" width=\"1920\" height=\"2560\" data-id=\"617\"  src=\"http:\/\/alexandra.meteobruno.com\/wp-content\/uploads\/2022\/07\/IMG_6672_re-1-scaled.jpg\" alt=\"\" class=\"wp-image-617\" srcset=\"http:\/\/alexandra.meteobruno.com\/wp-content\/uploads\/2022\/07\/IMG_6672_re-1-scaled.jpg 1920w, http:\/\/alexandra.meteobruno.com\/wp-content\/uploads\/2022\/07\/IMG_6672_re-1-225x300.jpg 225w, http:\/\/alexandra.meteobruno.com\/wp-content\/uploads\/2022\/07\/IMG_6672_re-1-768x1024.jpg 768w, http:\/\/alexandra.meteobruno.com\/wp-content\/uploads\/2022\/07\/IMG_6672_re-1-1152x1536.jpg 1152w, http:\/\/alexandra.meteobruno.com\/wp-content\/uploads\/2022\/07\/IMG_6672_re-1-1536x2048.jpg 1536w, http:\/\/alexandra.meteobruno.com\/wp-content\/uploads\/2022\/07\/IMG_6672_re-1-45x60.jpg 45w\" sizes=\"(max-width: 1920px) 100vw, 1920px\" \/><\/figure>\n\n\n\n<figure class=\"wp-block-image size-large\"><img loading=\"lazy\" width=\"1920\" height=\"2560\" data-id=\"621\"  src=\"http:\/\/alexandra.meteobruno.com\/wp-content\/uploads\/2022\/07\/IMG_5628_re-1-scaled.jpg\" alt=\"\" class=\"wp-image-621\" srcset=\"http:\/\/alexandra.meteobruno.com\/wp-content\/uploads\/2022\/07\/IMG_5628_re-1-scaled.jpg 1920w, http:\/\/alexandra.meteobruno.com\/wp-content\/uploads\/2022\/07\/IMG_5628_re-1-225x300.jpg 225w, http:\/\/alexandra.meteobruno.com\/wp-content\/uploads\/2022\/07\/IMG_5628_re-1-768x1024.jpg 768w, http:\/\/alexandra.meteobruno.com\/wp-content\/uploads\/2022\/07\/IMG_5628_re-1-1152x1536.jpg 1152w, http:\/\/alexandra.meteobruno.com\/wp-content\/uploads\/2022\/07\/IMG_5628_re-1-1536x2048.jpg 1536w, http:\/\/alexandra.meteobruno.com\/wp-content\/uploads\/2022\/07\/IMG_5628_re-1-45x60.jpg 45w\" sizes=\"(max-width: 1920px) 100vw, 1920px\" \/><\/figure>\n<\/figure>\n","protected":false},"excerpt":{"rendered":"<p>Fragilis Coragnum est une collection comportant une ligne de bijoux accessoires. Cette collection est fabriqu\u00e9e \u00e0 partir de mat\u00e9riaux fragiles, cartons, plastiques PLA, fils de laitons et vernis. Elle tourne autour de la th\u00e9matique du corail appel\u00e9 \u00e9galement &#8220;or de la m\u00e9diterran\u00e9e&#8221; ou &#8220;joyaux de la mer&#8221;. Ce dernier renvoie \u00e0 la pr\u00e9ciosit\u00e9, \u00e0 la &hellip; <\/p>\n","protected":false},"author":1,"featured_media":0,"parent":0,"menu_order":0,"comment_status":"closed","ping_status":"closed","template":"","meta":[],"_links":{"self":[{"href":"http:\/\/alexandra.meteobruno.com\/index.php\/wp-json\/wp\/v2\/pages\/522"}],"collection":[{"href":"http:\/\/alexandra.meteobruno.com\/index.php\/wp-json\/wp\/v2\/pages"}],"about":[{"href":"http:\/\/alexandra.meteobruno.com\/index.php\/wp-json\/wp\/v2\/types\/page"}],"author":[{"embeddable":true,"href":"http:\/\/alexandra.meteobruno.com\/index.php\/wp-json\/wp\/v2\/users\/1"}],"replies":[{"embeddable":true,"href":"http:\/\/alexandra.meteobruno.com\/index.php\/wp-json\/wp\/v2\/comments?post=522"}],"version-history":[{"count":4,"href":"http:\/\/alexandra.meteobruno.com\/index.php\/wp-json\/wp\/v2\/pages\/522\/revisions"}],"predecessor-version":[{"id":637,"href":"http:\/\/alexandra.meteobruno.com\/index.php\/wp-json\/wp\/v2\/pages\/522\/revisions\/637"}],"wp:attachment":[{"href":"http:\/\/alexandra.meteobruno.com\/index.php\/wp-json\/wp\/v2\/media?parent=522"}],"curies":[{"name":"wp","href":"https:\/\/api.w.org\/{rel}","templated":true}]}}