{"id":517,"date":"2022-07-02T21:34:00","date_gmt":"2022-07-02T19:34:00","guid":{"rendered":"http:\/\/alexandra.meteobruno.com\/?page_id=517"},"modified":"2022-07-02T21:34:09","modified_gmt":"2022-07-02T19:34:09","slug":"mueten","status":"publish","type":"page","link":"http:\/\/alexandra.meteobruno.com\/index.php\/mueten\/","title":{"rendered":"Mueten"},"content":{"rendered":"\n<h3 class=\"has-text-color\" style=\"color:#e1d2b8\">Mueten<\/h3>\n\n\n\n<p>Ce second projet de design de mode \u00e0 \u00e9t\u00e9 \u00e9galement r\u00e9alis\u00e9 durant ma formation de Dnmade. Mueten est une panoplie de quatre pi\u00e8ces cr\u00e9\u00e9es sur le th\u00e8me de la tension physique et qui a abouti autour du principe de la mutation dans le r\u00e8gne animal et chez l&#8217;Homme.<\/p>\n\n\n\n<p>Puisqu&#8217;effectivement certains insectes et animaux pratiquent cette \u00e9tape de mutation, lorsque leurs peaux non \u00e9lastiques, deviennent trop \u00e9troites pour continuer \u00e0 les accueillir lorsqu&#8217;ils vont grandir. <\/p>\n\n\n\n<p>Pour passer de l&#8217;\u00e9tat enfant \u00e0 l&#8217;\u00e9tat adulte l&#8217;animal ou l&#8217;insecte devra se s\u00e9parer de cette peau donc muer.<\/p>\n\n\n<div class=\"wp-block-image\">\n<figure class=\"aligncenter size-large is-resized\"><img loading=\"lazy\" src=\"http:\/\/alexandra.meteobruno.com\/wp-content\/uploads\/2021\/06\/2021-06-08-101228682-768x1024.jpg\" alt=\"\" class=\"wp-image-478\" width=\"524\" height=\"698\" srcset=\"http:\/\/alexandra.meteobruno.com\/wp-content\/uploads\/2021\/06\/2021-06-08-101228682-768x1024.jpg 768w, http:\/\/alexandra.meteobruno.com\/wp-content\/uploads\/2021\/06\/2021-06-08-101228682-225x300.jpg 225w, http:\/\/alexandra.meteobruno.com\/wp-content\/uploads\/2021\/06\/2021-06-08-101228682-1152x1536.jpg 1152w, http:\/\/alexandra.meteobruno.com\/wp-content\/uploads\/2021\/06\/2021-06-08-101228682-1536x2048.jpg 1536w, http:\/\/alexandra.meteobruno.com\/wp-content\/uploads\/2021\/06\/2021-06-08-101228682-45x60.jpg 45w, http:\/\/alexandra.meteobruno.com\/wp-content\/uploads\/2021\/06\/2021-06-08-101228682-scaled.jpg 1920w\" sizes=\"(max-width: 524px) 100vw, 524px\" \/><\/figure><\/div>\n\n\n<p>Du c\u00f4t\u00e9 de l&#8217;Homme, cette \u00e9tape de mutation est tout aussi pr\u00e9sente par le fait que la seconde peau de l&#8217;animal est repr\u00e9sent\u00e9e par le v\u00eatement port\u00e9 par l&#8217;Homme. Le v\u00eatement pour l&#8217;Homme se voit donc comme sa seconde peau puisqu&#8217;il contribue \u00e0 cr\u00e9er son identit\u00e9, qui va devoir \u00e9voluer, changer de taille et qui se verra trop petit par l&#8217;\u00e9volution de la taille de l&#8217;Homme au m\u00eame titre que celui de l&#8217;animal.<\/p>\n\n\n\n<p>Par ailleurs, ce principe de mue se voit \u00e9galement comme un rituel au vu de son importance et de sa r\u00e9p\u00e9tition dans le passage d&#8217;\u00e9tat enfant \u00e0 adulte. Ainsi, pour r\u00e9f\u00e9rencer le rituel, le choix d&#8217;un rituel de passage \u00e0 l&#8217;\u00e2ge adulte d&#8217;un peuple d&#8217;Afrique de l&#8217;Ouest est choisi. Ce peuple, en se scarifiant la peau vont cr\u00e9er divers motifs et reliefs qui vont marquer cette mutation. <\/p>\n\n\n<div class=\"wp-block-image\">\n<figure class=\"aligncenter size-large is-resized\"><img loading=\"lazy\" src=\"http:\/\/alexandra.meteobruno.com\/wp-content\/uploads\/2021\/06\/2021-05-29-064350992-768x1024.jpg\" alt=\"\" class=\"wp-image-482\" width=\"507\" height=\"676\" srcset=\"http:\/\/alexandra.meteobruno.com\/wp-content\/uploads\/2021\/06\/2021-05-29-064350992-768x1024.jpg 768w, http:\/\/alexandra.meteobruno.com\/wp-content\/uploads\/2021\/06\/2021-05-29-064350992-225x300.jpg 225w, http:\/\/alexandra.meteobruno.com\/wp-content\/uploads\/2021\/06\/2021-05-29-064350992-1152x1536.jpg 1152w, http:\/\/alexandra.meteobruno.com\/wp-content\/uploads\/2021\/06\/2021-05-29-064350992-1536x2048.jpg 1536w, http:\/\/alexandra.meteobruno.com\/wp-content\/uploads\/2021\/06\/2021-05-29-064350992-45x60.jpg 45w, http:\/\/alexandra.meteobruno.com\/wp-content\/uploads\/2021\/06\/2021-05-29-064350992-scaled.jpg 1920w\" sizes=\"(max-width: 507px) 100vw, 507px\" \/><\/figure><\/div>\n\n\n<p>Cette panoplie de quatre pi\u00e8ces est donc inspir\u00e9e de l&#8217;\u00e9tat enfant \u00e0 adulte et du rituel de passage \u00e0 l&#8217;\u00e2ge adulte du peuple d&#8217;Afrique de l&#8217;Ouest. Pour ce faire, l&#8217;\u00e9tat enfant est repr\u00e9sent\u00e9 par une robe, une chemise ainsi qu&#8217;une paire de chaussettes. Ces v\u00eatements ont tous des points communs d&#8217;une part par leurs couleurs blanches mais \u00e9galement par des codes du vestiaire de l&#8217;enfance qui sont retranscrit par la longueur de la robe, la taille r\u00e9duite de la chemise pour \u00e9voquer un corps qui a grandi, muer mais \u00e9galement par le rajout de la dentelle sur la paire de chaussettes afin de rappeler l&#8217;univers de l&#8217;enfance.<\/p>\n\n\n\n<p>Par ailleurs, pour l&#8217;\u00e9tat du passage \u00e0 l&#8217;\u00e2ge adulte, un plastron en mati\u00e8re de latex est cr\u00e9e afin que la pi\u00e8ce ait un aspect de peau que ce soit au niveau de la couleur, de la translucidit\u00e9 mais aussi au niveau du toucher puisqu&#8217;il poss\u00e8de un toucher similaire \u00e0 celui d&#8217;une peau. <\/p>\n\n\n\n<figure class=\"wp-container-2 wp-block-gallery-1 wp-block-gallery aligncenter has-nested-images columns-default is-cropped\">\n<figure class=\"wp-block-image size-large\"><img loading=\"lazy\" width=\"768\" height=\"1024\" data-id=\"480\"  src=\"http:\/\/alexandra.meteobruno.com\/wp-content\/uploads\/2021\/06\/2021-05-29-070357521-768x1024.jpg\" alt=\"\" class=\"wp-image-480\" srcset=\"http:\/\/alexandra.meteobruno.com\/wp-content\/uploads\/2021\/06\/2021-05-29-070357521-768x1024.jpg 768w, http:\/\/alexandra.meteobruno.com\/wp-content\/uploads\/2021\/06\/2021-05-29-070357521-225x300.jpg 225w, http:\/\/alexandra.meteobruno.com\/wp-content\/uploads\/2021\/06\/2021-05-29-070357521-1152x1536.jpg 1152w, http:\/\/alexandra.meteobruno.com\/wp-content\/uploads\/2021\/06\/2021-05-29-070357521-1536x2048.jpg 1536w, http:\/\/alexandra.meteobruno.com\/wp-content\/uploads\/2021\/06\/2021-05-29-070357521-45x60.jpg 45w, http:\/\/alexandra.meteobruno.com\/wp-content\/uploads\/2021\/06\/2021-05-29-070357521-scaled.jpg 1920w\" sizes=\"(max-width: 768px) 100vw, 768px\" \/><\/figure>\n\n\n\n<figure class=\"wp-block-image size-large\"><img loading=\"lazy\" width=\"768\" height=\"1024\" data-id=\"483\"  src=\"http:\/\/alexandra.meteobruno.com\/wp-content\/uploads\/2021\/06\/2021-05-29-062956649-768x1024.jpg\" alt=\"\" class=\"wp-image-483\" srcset=\"http:\/\/alexandra.meteobruno.com\/wp-content\/uploads\/2021\/06\/2021-05-29-062956649-768x1024.jpg 768w, http:\/\/alexandra.meteobruno.com\/wp-content\/uploads\/2021\/06\/2021-05-29-062956649-225x300.jpg 225w, http:\/\/alexandra.meteobruno.com\/wp-content\/uploads\/2021\/06\/2021-05-29-062956649-1152x1536.jpg 1152w, http:\/\/alexandra.meteobruno.com\/wp-content\/uploads\/2021\/06\/2021-05-29-062956649-1536x2048.jpg 1536w, http:\/\/alexandra.meteobruno.com\/wp-content\/uploads\/2021\/06\/2021-05-29-062956649-45x60.jpg 45w, http:\/\/alexandra.meteobruno.com\/wp-content\/uploads\/2021\/06\/2021-05-29-062956649-scaled.jpg 1920w\" sizes=\"(max-width: 768px) 100vw, 768px\" \/><\/figure>\n<\/figure>\n\n\n\n<p>Ayant comme inspiration le rituel du peuple d&#8217;Afrique de l&#8217;Ouest, un rajout de perles avec comme placement un placement arrondi sur le dos et le devant vont venir faire r\u00e9f\u00e9rence aux motifs les plus courants lors des incisions.<\/p>\n\n\n\n<p>Cette panoplie s&#8217;inscrit dans une suite de panoplies qui formeraient ensemble une collection autour de la mutation.<\/p>\n","protected":false},"excerpt":{"rendered":"<p>Mueten Ce second projet de design de mode \u00e0 \u00e9t\u00e9 \u00e9galement r\u00e9alis\u00e9 durant ma formation de Dnmade. Mueten est une panoplie de quatre pi\u00e8ces cr\u00e9\u00e9es sur le th\u00e8me de la tension physique et qui a abouti autour du principe de la mutation dans le r\u00e8gne animal et chez l&#8217;Homme. Puisqu&#8217;effectivement certains insectes et animaux pratiquent &hellip; <\/p>\n","protected":false},"author":1,"featured_media":0,"parent":0,"menu_order":0,"comment_status":"closed","ping_status":"closed","template":"","meta":[],"_links":{"self":[{"href":"http:\/\/alexandra.meteobruno.com\/index.php\/wp-json\/wp\/v2\/pages\/517"}],"collection":[{"href":"http:\/\/alexandra.meteobruno.com\/index.php\/wp-json\/wp\/v2\/pages"}],"about":[{"href":"http:\/\/alexandra.meteobruno.com\/index.php\/wp-json\/wp\/v2\/types\/page"}],"author":[{"embeddable":true,"href":"http:\/\/alexandra.meteobruno.com\/index.php\/wp-json\/wp\/v2\/users\/1"}],"replies":[{"embeddable":true,"href":"http:\/\/alexandra.meteobruno.com\/index.php\/wp-json\/wp\/v2\/comments?post=517"}],"version-history":[{"count":2,"href":"http:\/\/alexandra.meteobruno.com\/index.php\/wp-json\/wp\/v2\/pages\/517\/revisions"}],"predecessor-version":[{"id":519,"href":"http:\/\/alexandra.meteobruno.com\/index.php\/wp-json\/wp\/v2\/pages\/517\/revisions\/519"}],"wp:attachment":[{"href":"http:\/\/alexandra.meteobruno.com\/index.php\/wp-json\/wp\/v2\/media?parent=517"}],"curies":[{"name":"wp","href":"https:\/\/api.w.org\/{rel}","templated":true}]}}