{"id":509,"date":"2022-07-02T20:11:43","date_gmt":"2022-07-02T18:11:43","guid":{"rendered":"http:\/\/alexandra.meteobruno.com\/?page_id=509"},"modified":"2022-07-02T20:25:59","modified_gmt":"2022-07-02T18:25:59","slug":"protection-plastron","status":"publish","type":"page","link":"http:\/\/alexandra.meteobruno.com\/index.php\/protection-plastron\/","title":{"rendered":"Protection plastron"},"content":{"rendered":"\n<h3 class=\"has-text-color\" style=\"color:#e1d2b8\">Protection Plastron <\/h3>\n\n\n\n<p>Ce projet de design de mode a \u00e9t\u00e9 r\u00e9alis\u00e9 durant ma formation de Dnmade, par la technique du pliage, de l\u2019\u00e9chancrure et de la superposition du papier machine rigide, le but de cette cr\u00e9ation de design de mode est d\u2019amplifier une partie du corps, un sens. Ici, Protection Plastron amplifie une partie du corps : la carrure.<\/p>\n\n\n\n<p>L\u2019amplification de la carrure \u00e0 \u00e9tait choisis par une id\u00e9e de se prot\u00e9ger, se cr\u00e9er une carapace pour aboutir sur une protection allant jusqu\u2019\u00e0 se sentir intouchable.<\/p>\n\n\n\n<figure class=\"wp-container-2 wp-block-gallery-1 wp-block-gallery has-nested-images columns-default is-cropped\">\n<figure class=\"wp-block-image size-large\"><img loading=\"lazy\" width=\"1920\" height=\"2560\" data-id=\"392\"  src=\"http:\/\/alexandra.meteobruno.com\/wp-content\/uploads\/2021\/02\/2021-01-07-04.57.57-2-scaled.jpg\" alt=\"\" class=\"wp-image-392\" srcset=\"http:\/\/alexandra.meteobruno.com\/wp-content\/uploads\/2021\/02\/2021-01-07-04.57.57-2-scaled.jpg 1920w, http:\/\/alexandra.meteobruno.com\/wp-content\/uploads\/2021\/02\/2021-01-07-04.57.57-2-225x300.jpg 225w\" sizes=\"(max-width: 1920px) 100vw, 1920px\" \/><\/figure>\n\n\n\n<figure class=\"wp-block-image size-large\"><img loading=\"lazy\" width=\"1920\" height=\"2560\" data-id=\"393\"  src=\"http:\/\/alexandra.meteobruno.com\/wp-content\/uploads\/2021\/02\/2021-01-26-08.23.41-1-scaled.jpg\" alt=\"\" class=\"wp-image-393\" srcset=\"http:\/\/alexandra.meteobruno.com\/wp-content\/uploads\/2021\/02\/2021-01-26-08.23.41-1-scaled.jpg 1920w, http:\/\/alexandra.meteobruno.com\/wp-content\/uploads\/2021\/02\/2021-01-26-08.23.41-1-225x300.jpg 225w\" sizes=\"(max-width: 1920px) 100vw, 1920px\" \/><\/figure>\n<\/figure>\n\n\n\n<p>Le torse est recouvert par le plastron pour une pr\u00e9servation du corps, poss\u00e9der une certaine prestance, adopter une posture autoritaire mais aussi cr\u00e9er un univers majestueux et somptueux dont les motifs \u00e9vid\u00e9s rappellent.<\/p>\n\n\n\n<p>Le travail de l\u2019\u00e9ventail sur l\u2019\u00e9paule apporte de l\u2019\u00e9l\u00e9gance, du volume ainsi qu\u2019une certaine allure. De plus, son esth\u00e9tique renvoie \u00e0 un effet de l\u00e9g\u00e8ret\u00e9.<\/p>\n\n\n<div class=\"wp-block-image\">\n<figure class=\"aligncenter size-large is-resized\"><img loading=\"lazy\" src=\"http:\/\/alexandra.meteobruno.com\/wp-content\/uploads\/2021\/02\/2021-01-14-09.30.47-1-scaled.jpg\" alt=\"\" class=\"wp-image-391\" width=\"512\" height=\"682\" srcset=\"http:\/\/alexandra.meteobruno.com\/wp-content\/uploads\/2021\/02\/2021-01-14-09.30.47-1-scaled.jpg 1920w, http:\/\/alexandra.meteobruno.com\/wp-content\/uploads\/2021\/02\/2021-01-14-09.30.47-1-225x300.jpg 225w\" sizes=\"(max-width: 512px) 100vw, 512px\" \/><\/figure><\/div>\n\n\n<p class=\"has-text-align-left\">Ce projet dont la r\u00e9f\u00e9rence culturelle se refl\u00e8te sur l\u2019asym\u00e9trie du Plastron au niveau du sein gauche est associ\u00e9 au mythe des Amazones, qui se coupaient un de leurs seins afin d\u2019\u00eatre plus \u00e0 l\u2019aise lors des combats pour l\u2019utilisation de leurs tirs \u00e0 l\u2019arc.<\/p>\n\n\n\n<p>Ce choix de r\u00e9f\u00e9rence culturelle s\u2019oriente vers la force, le caract\u00e8re d\u00e9termin\u00e9 des Amazones mais \u00e9galement vers tout un univers, un mythe myst\u00e9rieux, intriguant voire dangereux. Pour renforcer ce mythe j\u2019ai \u00e9dit\u00e9 l\u2019incrustation digitale d\u2019une cicatrice sur un sein.<\/p>\n\n\n\n<p class=\"has-text-align-left\">Cette photographie \u00e9tant la photo finale de mon projet, j\u2019ai d\u2019ailleurs r\u00e9alis\u00e9 un jeu de lumi\u00e8re et de clair \u2013 obscur afin d\u2019appuyer le caract\u00e8re myst\u00e9rieux et mythique qu\u2019incarne le plastron. La posture du mannequin ainsi que son maquillage refl\u00e8te bien l\u2019air f\u00e9roce et guerrier que les Amazones incarnaient tout en y ajoutant un aspect envo\u00fbtant.<\/p>\n\n\n<div class=\"wp-block-image\">\n<figure class=\"aligncenter size-large is-resized\"><img loading=\"lazy\" src=\"http:\/\/alexandra.meteobruno.com\/wp-content\/uploads\/2022\/07\/2021-01-25-02.25.35-1-768x1024.jpg\" alt=\"\" class=\"wp-image-506\" width=\"469\" height=\"624\" srcset=\"http:\/\/alexandra.meteobruno.com\/wp-content\/uploads\/2022\/07\/2021-01-25-02.25.35-1-768x1024.jpg 768w, http:\/\/alexandra.meteobruno.com\/wp-content\/uploads\/2022\/07\/2021-01-25-02.25.35-1-225x300.jpg 225w, http:\/\/alexandra.meteobruno.com\/wp-content\/uploads\/2022\/07\/2021-01-25-02.25.35-1-1152x1536.jpg 1152w, http:\/\/alexandra.meteobruno.com\/wp-content\/uploads\/2022\/07\/2021-01-25-02.25.35-1-1536x2048.jpg 1536w, http:\/\/alexandra.meteobruno.com\/wp-content\/uploads\/2022\/07\/2021-01-25-02.25.35-1-45x60.jpg 45w, http:\/\/alexandra.meteobruno.com\/wp-content\/uploads\/2022\/07\/2021-01-25-02.25.35-1-scaled.jpg 1920w\" sizes=\"(max-width: 469px) 100vw, 469px\" \/><\/figure><\/div>","protected":false},"excerpt":{"rendered":"<p>Protection Plastron Ce projet de design de mode a \u00e9t\u00e9 r\u00e9alis\u00e9 durant ma formation de Dnmade, par la technique du pliage, de l\u2019\u00e9chancrure et de la superposition du papier machine rigide, le but de cette cr\u00e9ation de design de mode est d\u2019amplifier une partie du corps, un sens. Ici, Protection Plastron amplifie une partie du &hellip; <\/p>\n","protected":false},"author":1,"featured_media":0,"parent":0,"menu_order":0,"comment_status":"closed","ping_status":"closed","template":"","meta":[],"_links":{"self":[{"href":"http:\/\/alexandra.meteobruno.com\/index.php\/wp-json\/wp\/v2\/pages\/509"}],"collection":[{"href":"http:\/\/alexandra.meteobruno.com\/index.php\/wp-json\/wp\/v2\/pages"}],"about":[{"href":"http:\/\/alexandra.meteobruno.com\/index.php\/wp-json\/wp\/v2\/types\/page"}],"author":[{"embeddable":true,"href":"http:\/\/alexandra.meteobruno.com\/index.php\/wp-json\/wp\/v2\/users\/1"}],"replies":[{"embeddable":true,"href":"http:\/\/alexandra.meteobruno.com\/index.php\/wp-json\/wp\/v2\/comments?post=509"}],"version-history":[{"count":2,"href":"http:\/\/alexandra.meteobruno.com\/index.php\/wp-json\/wp\/v2\/pages\/509\/revisions"}],"predecessor-version":[{"id":515,"href":"http:\/\/alexandra.meteobruno.com\/index.php\/wp-json\/wp\/v2\/pages\/509\/revisions\/515"}],"wp:attachment":[{"href":"http:\/\/alexandra.meteobruno.com\/index.php\/wp-json\/wp\/v2\/media?parent=509"}],"curies":[{"name":"wp","href":"https:\/\/api.w.org\/{rel}","templated":true}]}}